{"id":126,"date":"2018-03-10T21:34:02","date_gmt":"2018-03-10T20:34:02","guid":{"rendered":"http:\/\/www.zrobimyraban.pl\/?page_id=126"},"modified":"2018-03-11T01:32:20","modified_gmt":"2018-03-11T00:32:20","slug":"radio","status":"publish","type":"page","link":"http:\/\/www.zrobimyraban.pl\/?page_id=126","title":{"rendered":"Radio"},"content":{"rendered":"<p>Kliknij link, aby pos\u0142ucha\u0107 katolickiej rozg\u0142o\u015bni radiowej:<\/p>\n<p><a href=\"http:\/\/www.radiopodlasie.pl\/sluchaj-online-radia-podlasie.html\">http:\/\/www.radiopodlasie.pl\/sluchaj-online-radia-podlasie.html<\/a><\/p>\n<p><img loading=\"lazy\" class=\"alignnone size-medium wp-image-227\" src=\"http:\/\/www.zrobimyraban.pl\/wp-content\/uploads\/2018\/03\/sluchaj-300x80.png\" alt=\"\" width=\"300\" height=\"80\" srcset=\"http:\/\/www.zrobimyraban.pl\/wp-content\/uploads\/2018\/03\/sluchaj-300x80.png 300w, http:\/\/www.zrobimyraban.pl\/wp-content\/uploads\/2018\/03\/sluchaj.png 750w\" sizes=\"(max-width: 300px) 100vw, 300px\" \/><\/p>\n","protected":false},"excerpt":{"rendered":"<p>Kliknij link, aby pos\u0142ucha\u0107 katolickiej rozg\u0142o\u015bni radiowej: http:\/\/www.radiopodlasie.pl\/sluchaj-online-radia-podlasie.html<\/p>\n","protected":false},"author":1,"featured_media":0,"parent":0,"menu_order":0,"comment_status":"closed","ping_status":"closed","template":"","meta":[],"_links":{"self":[{"href":"http:\/\/www.zrobimyraban.pl\/index.php?rest_route=\/wp\/v2\/pages\/126"}],"collection":[{"href":"http:\/\/www.zrobimyraban.pl\/index.php?rest_route=\/wp\/v2\/pages"}],"about":[{"href":"http:\/\/www.zrobimyraban.pl\/index.php?rest_route=\/wp\/v2\/types\/page"}],"author":[{"embeddable":true,"href":"http:\/\/www.zrobimyraban.pl\/index.php?rest_route=\/wp\/v2\/users\/1"}],"replies":[{"embeddable":true,"href":"http:\/\/www.zrobimyraban.pl\/index.php?rest_route=%2Fwp%2Fv2%2Fcomments&post=126"}],"version-history":[{"count":6,"href":"http:\/\/www.zrobimyraban.pl\/index.php?rest_route=\/wp\/v2\/pages\/126\/revisions"}],"predecessor-version":[{"id":229,"href":"http:\/\/www.zrobimyraban.pl\/index.php?rest_route=\/wp\/v2\/pages\/126\/revisions\/229"}],"wp:attachment":[{"href":"http:\/\/www.zrobimyraban.pl\/index.php?rest_route=%2Fwp%2Fv2%2Fmedia&parent=126"}],"curies":[{"name":"wp","href":"https:\/\/api.w.org\/{rel}","templated":true}]}}