{"id":408,"date":"2019-10-03T21:20:53","date_gmt":"2019-10-03T19:20:53","guid":{"rendered":"http:\/\/www.zrobimyraban.pl\/?page_id=408"},"modified":"2019-11-13T00:38:28","modified_gmt":"2019-11-12T23:38:28","slug":"nuty","status":"publish","type":"page","link":"http:\/\/www.zrobimyraban.pl\/?page_id=408","title":{"rendered":"Nuty"},"content":{"rendered":"\n<div class=\"wp-block-file\"><a href=\"http:\/\/www.zrobimyraban.pl\/wp-content\/uploads\/2019\/11\/Amen-NMGT.pdf\">Amen NMGT<\/a><a href=\"http:\/\/www.zrobimyraban.pl\/wp-content\/uploads\/2019\/11\/Amen-NMGT.pdf\" class=\"wp-block-file__button\" download>Download<\/a><\/div>\n\n\n\n<div class=\"wp-block-file\"><a href=\"http:\/\/www.zrobimyraban.pl\/wp-content\/uploads\/2019\/11\/Bohater-TGD.pdf\">Bohater TGD<\/a><a href=\"http:\/\/www.zrobimyraban.pl\/wp-content\/uploads\/2019\/11\/Bohater-TGD.pdf\" class=\"wp-block-file__button\" download>Download<\/a><\/div>\n\n\n\n<div class=\"wp-block-file\"><a href=\"http:\/\/www.zrobimyraban.pl\/wp-content\/uploads\/2019\/11\/B\u00f3g-ukryty.pdf\">B\u00f3g ukryty<\/a><a href=\"http:\/\/www.zrobimyraban.pl\/wp-content\/uploads\/2019\/11\/B\u00f3g-ukryty.pdf\" class=\"wp-block-file__button\" download>Download<\/a><\/div>\n\n\n\n<div class=\"wp-block-file\"><a href=\"http:\/\/www.zrobimyraban.pl\/wp-content\/uploads\/2019\/11\/Jak-wielki-jest-B\u00f3g.pdf\">Jak wielki jest B\u00f3g<\/a><a href=\"http:\/\/www.zrobimyraban.pl\/wp-content\/uploads\/2019\/11\/Jak-wielki-jest-B\u00f3g.pdf\" class=\"wp-block-file__button\" download>Download<\/a><\/div>\n\n\n\n<div class=\"wp-block-file\"><a href=\"http:\/\/www.zrobimyraban.pl\/wp-content\/uploads\/2019\/11\/Jedyny-Pan-prawdziwy-B\u00f3g.pdf\">Jedyny Pan, prawdziwy B\u00f3g<\/a><a href=\"http:\/\/www.zrobimyraban.pl\/wp-content\/uploads\/2019\/11\/Jedyny-Pan-prawdziwy-B\u00f3g.pdf\" class=\"wp-block-file__button\" download>Download<\/a><\/div>\n\n\n\n<div class=\"wp-block-file\"><a href=\"http:\/\/www.zrobimyraban.pl\/wp-content\/uploads\/2019\/11\/Mam-Anio\u0142ka.pdf\">Mam Anio\u0142ka<\/a><a href=\"http:\/\/www.zrobimyraban.pl\/wp-content\/uploads\/2019\/11\/Mam-Anio\u0142ka.pdf\" class=\"wp-block-file__button\" download>Download<\/a><\/div>\n\n\n\n<div class=\"wp-block-file\"><a href=\"http:\/\/www.zrobimyraban.pl\/wp-content\/uploads\/2019\/11\/Nie-potrzebuj\u0105-lekarza-zdrowi.pdf\">Nie potrzebuj\u0105 lekarza zdrowi<\/a><a href=\"http:\/\/www.zrobimyraban.pl\/wp-content\/uploads\/2019\/11\/Nie-potrzebuj\u0105-lekarza-zdrowi.pdf\" class=\"wp-block-file__button\" download>Download<\/a><\/div>\n\n\n\n<div class=\"wp-block-file\"><a href=\"http:\/\/www.zrobimyraban.pl\/wp-content\/uploads\/2019\/11\/Niebia\u0144skie-dzieci.pdf\">Niebia\u0144skie dzieci<\/a><a href=\"http:\/\/www.zrobimyraban.pl\/wp-content\/uploads\/2019\/11\/Niebia\u0144skie-dzieci.pdf\" class=\"wp-block-file__button\" download>Download<\/a><\/div>\n\n\n\n<div class=\"wp-block-file\"><a href=\"http:\/\/www.zrobimyraban.pl\/wp-content\/uploads\/2019\/11\/Panie-nama\u015b\u0107-mi-g\u0142ow\u0119-olejkiem.pdf\">Panie nama\u015b\u0107 mi g\u0142ow\u0119 olejkiem<\/a><a href=\"http:\/\/www.zrobimyraban.pl\/wp-content\/uploads\/2019\/11\/Panie-nama\u015b\u0107-mi-g\u0142ow\u0119-olejkiem.pdf\" class=\"wp-block-file__button\" download>Download<\/a><\/div>\n\n\n\n<div class=\"wp-block-file\"><a href=\"http:\/\/www.zrobimyraban.pl\/wp-content\/uploads\/2019\/11\/Z-Boga-jestem.pdf\">Z Boga jestem<\/a><a href=\"http:\/\/www.zrobimyraban.pl\/wp-content\/uploads\/2019\/11\/Z-Boga-jestem.pdf\" class=\"wp-block-file__button\" download>Download<\/a><\/div>\n","protected":false},"excerpt":{"rendered":"","protected":false},"author":1,"featured_media":0,"parent":0,"menu_order":0,"comment_status":"closed","ping_status":"closed","template":"","meta":[],"_links":{"self":[{"href":"http:\/\/www.zrobimyraban.pl\/index.php?rest_route=\/wp\/v2\/pages\/408"}],"collection":[{"href":"http:\/\/www.zrobimyraban.pl\/index.php?rest_route=\/wp\/v2\/pages"}],"about":[{"href":"http:\/\/www.zrobimyraban.pl\/index.php?rest_route=\/wp\/v2\/types\/page"}],"author":[{"embeddable":true,"href":"http:\/\/www.zrobimyraban.pl\/index.php?rest_route=\/wp\/v2\/users\/1"}],"replies":[{"embeddable":true,"href":"http:\/\/www.zrobimyraban.pl\/index.php?rest_route=%2Fwp%2Fv2%2Fcomments&post=408"}],"version-history":[{"count":11,"href":"http:\/\/www.zrobimyraban.pl\/index.php?rest_route=\/wp\/v2\/pages\/408\/revisions"}],"predecessor-version":[{"id":584,"href":"http:\/\/www.zrobimyraban.pl\/index.php?rest_route=\/wp\/v2\/pages\/408\/revisions\/584"}],"wp:attachment":[{"href":"http:\/\/www.zrobimyraban.pl\/index.php?rest_route=%2Fwp%2Fv2%2Fmedia&parent=408"}],"curies":[{"name":"wp","href":"https:\/\/api.w.org\/{rel}","templated":true}]}}