{"id":477,"date":"2019-11-12T22:32:39","date_gmt":"2019-11-12T21:32:39","guid":{"rendered":"http:\/\/www.zrobimyraban.pl\/?page_id=477"},"modified":"2020-04-06T12:39:53","modified_gmt":"2020-04-06T10:39:53","slug":"rekolekcje","status":"publish","type":"page","link":"http:\/\/www.zrobimyraban.pl\/?page_id=477","title":{"rendered":"Rekolekcje"},"content":{"rendered":"<p style=\"text-align: center;\"><span style=\"color: #ff0000;\"><strong>REKOLEKCJE &#8211; SIEDLAN\u00d3W 2019:<\/strong><\/span><\/p>\n<p style=\"text-align: center;\">&#8222;Droga \u015bw. Paw\u0142a &#8211; drog\u0105 rozeznawania&#8221;<\/p>\n<p><img loading=\"lazy\" class=\"size-medium wp-image-589 aligncenter\" src=\"http:\/\/www.zrobimyraban.pl\/wp-content\/uploads\/2020\/04\/IMG_9683-300x200.jpg\" alt=\"\" width=\"300\" height=\"200\" srcset=\"http:\/\/www.zrobimyraban.pl\/wp-content\/uploads\/2020\/04\/IMG_9683-300x200.jpg 300w, http:\/\/www.zrobimyraban.pl\/wp-content\/uploads\/2020\/04\/IMG_9683-400x266.jpg 400w, http:\/\/www.zrobimyraban.pl\/wp-content\/uploads\/2020\/04\/IMG_9683.jpg 768w\" sizes=\"(max-width: 300px) 100vw, 300px\" \/><\/p>\n<p>HOMILIA 1 &#8211; Widzie\u0107, oceni\u0107, dzia\u0142a\u0107:<\/p>\n<!--[if lt IE 9]><script>document.createElement('audio');<\/script><![endif]-->\n<audio class=\"wp-audio-shortcode\" id=\"audio-477-1\" preload=\"none\" style=\"width: 100%;\" controls=\"controls\"><source type=\"audio\/mpeg\" src=\"http:\/\/www.zrobimyraban.pl\/wp-content\/uploads\/2020\/04\/HOMILIA-1-wspomnienie-\u015bw.-Marty.mp3?_=1\" \/><a href=\"http:\/\/www.zrobimyraban.pl\/wp-content\/uploads\/2020\/04\/HOMILIA-1-wspomnienie-\u015bw.-Marty.mp3\">http:\/\/www.zrobimyraban.pl\/wp-content\/uploads\/2020\/04\/HOMILIA-1-wspomnienie-\u015bw.-Marty.mp3<\/a><\/audio>\n<hr \/>\n<p>KONFERENCJA 1 &#8211; W drodze do Damaszku:<\/p>\n<audio class=\"wp-audio-shortcode\" id=\"audio-477-2\" preload=\"none\" style=\"width: 100%;\" controls=\"controls\"><source type=\"audio\/mpeg\" src=\"http:\/\/www.zrobimyraban.pl\/wp-content\/uploads\/2020\/04\/KONFERENCJA-1.mp3?_=2\" \/><a href=\"http:\/\/www.zrobimyraban.pl\/wp-content\/uploads\/2020\/04\/KONFERENCJA-1.mp3\">http:\/\/www.zrobimyraban.pl\/wp-content\/uploads\/2020\/04\/KONFERENCJA-1.mp3<\/a><\/audio>\n<hr \/>\n<p>KONFERENCJA 2 &#8211; Poznanie Jezusa:<\/p>\n<audio class=\"wp-audio-shortcode\" id=\"audio-477-3\" preload=\"none\" style=\"width: 100%;\" controls=\"controls\"><source type=\"audio\/mpeg\" src=\"http:\/\/www.zrobimyraban.pl\/wp-content\/uploads\/2020\/04\/KONFERENCJA-2.mp3?_=3\" \/><a href=\"http:\/\/www.zrobimyraban.pl\/wp-content\/uploads\/2020\/04\/KONFERENCJA-2.mp3\">http:\/\/www.zrobimyraban.pl\/wp-content\/uploads\/2020\/04\/KONFERENCJA-2.mp3<\/a><\/audio>\n<hr \/>\n<p>KONFERENCJA 3 &#8211; \u015alepota Paw\u0142a:<\/p>\n<audio class=\"wp-audio-shortcode\" id=\"audio-477-4\" preload=\"none\" style=\"width: 100%;\" controls=\"controls\"><source type=\"audio\/mpeg\" src=\"http:\/\/www.zrobimyraban.pl\/wp-content\/uploads\/2020\/04\/KONFERENCJA-3.mp3?_=4\" \/><a href=\"http:\/\/www.zrobimyraban.pl\/wp-content\/uploads\/2020\/04\/KONFERENCJA-3.mp3\">http:\/\/www.zrobimyraban.pl\/wp-content\/uploads\/2020\/04\/KONFERENCJA-3.mp3<\/a><\/audio>\n<hr \/>\n<p>HOMILIA 2 &#8211; Cierpliwo\u015b\u0107 Boga:<\/p>\n<audio class=\"wp-audio-shortcode\" id=\"audio-477-5\" preload=\"none\" style=\"width: 100%;\" controls=\"controls\"><source type=\"audio\/mpeg\" src=\"http:\/\/www.zrobimyraban.pl\/wp-content\/uploads\/2020\/04\/HOMILIA-2-cierpliwo\u015b\u0107-Pana-Boga.mp3?_=5\" \/><a href=\"http:\/\/www.zrobimyraban.pl\/wp-content\/uploads\/2020\/04\/HOMILIA-2-cierpliwo\u015b\u0107-Pana-Boga.mp3\">http:\/\/www.zrobimyraban.pl\/wp-content\/uploads\/2020\/04\/HOMILIA-2-cierpliwo\u015b\u0107-Pana-Boga.mp3<\/a><\/audio>\n<hr \/>\n<p>KONFERENCJA 4 &#8211; Nawr\u00f3cenie i rozczarowanie:<\/p>\n<audio class=\"wp-audio-shortcode\" id=\"audio-477-6\" preload=\"none\" style=\"width: 100%;\" controls=\"controls\"><source type=\"audio\/mpeg\" src=\"http:\/\/www.zrobimyraban.pl\/wp-content\/uploads\/2020\/04\/KONFERENCJA-4.mp3?_=6\" \/><a href=\"http:\/\/www.zrobimyraban.pl\/wp-content\/uploads\/2020\/04\/KONFERENCJA-4.mp3\">http:\/\/www.zrobimyraban.pl\/wp-content\/uploads\/2020\/04\/KONFERENCJA-4.mp3<\/a><\/audio>\n<hr \/>\n<p>KONFERENCJA 5 &#8211; Pokora Paw\u0142a:<\/p>\n<audio class=\"wp-audio-shortcode\" id=\"audio-477-7\" preload=\"none\" style=\"width: 100%;\" controls=\"controls\"><source type=\"audio\/mpeg\" src=\"http:\/\/www.zrobimyraban.pl\/wp-content\/uploads\/2020\/04\/KONFERENCJA-5.mp3?_=7\" \/><a href=\"http:\/\/www.zrobimyraban.pl\/wp-content\/uploads\/2020\/04\/KONFERENCJA-5.mp3\">http:\/\/www.zrobimyraban.pl\/wp-content\/uploads\/2020\/04\/KONFERENCJA-5.mp3<\/a><\/audio>\n<hr \/>\n<p>KONFERENCJA 6 &#8211; Zerwanie z Barnab\u0105:<\/p>\n<audio class=\"wp-audio-shortcode\" id=\"audio-477-8\" preload=\"none\" style=\"width: 100%;\" controls=\"controls\"><source type=\"audio\/mpeg\" src=\"http:\/\/www.zrobimyraban.pl\/wp-content\/uploads\/2020\/04\/KONFERENCJA-6.mp3?_=8\" \/><a href=\"http:\/\/www.zrobimyraban.pl\/wp-content\/uploads\/2020\/04\/KONFERENCJA-6.mp3\">http:\/\/www.zrobimyraban.pl\/wp-content\/uploads\/2020\/04\/KONFERENCJA-6.mp3<\/a><\/audio>\n<hr \/>\n<p>HOMILIA 3 &#8211; Ewangeliczny radykalizm:<\/p>\n<audio class=\"wp-audio-shortcode\" id=\"audio-477-9\" preload=\"none\" style=\"width: 100%;\" controls=\"controls\"><source type=\"audio\/mpeg\" src=\"http:\/\/www.zrobimyraban.pl\/wp-content\/uploads\/2020\/04\/HOMILIA-3-wzi\u0105\u0107-krzy\u017c.mp3?_=9\" \/><a href=\"http:\/\/www.zrobimyraban.pl\/wp-content\/uploads\/2020\/04\/HOMILIA-3-wzi\u0105\u0107-krzy\u017c.mp3\">http:\/\/www.zrobimyraban.pl\/wp-content\/uploads\/2020\/04\/HOMILIA-3-wzi\u0105\u0107-krzy\u017c.mp3<\/a><\/audio>\n<hr \/>\n<p>KONFERENCJA 7 &#8211; Przemiana Paw\u0142a:<\/p>\n<audio class=\"wp-audio-shortcode\" id=\"audio-477-10\" preload=\"none\" style=\"width: 100%;\" controls=\"controls\"><source type=\"audio\/mpeg\" src=\"http:\/\/www.zrobimyraban.pl\/wp-content\/uploads\/2020\/04\/KONFERENCJA-7.mp3?_=10\" \/><a href=\"http:\/\/www.zrobimyraban.pl\/wp-content\/uploads\/2020\/04\/KONFERENCJA-7.mp3\">http:\/\/www.zrobimyraban.pl\/wp-content\/uploads\/2020\/04\/KONFERENCJA-7.mp3<\/a><\/audio>\n<hr \/>\n<p>KONFERENCJA 8 &#8211; Pasja Paw\u0142a, Pasja Chrystusa:<\/p>\n<audio class=\"wp-audio-shortcode\" id=\"audio-477-11\" preload=\"none\" style=\"width: 100%;\" controls=\"controls\"><source type=\"audio\/mpeg\" src=\"http:\/\/www.zrobimyraban.pl\/wp-content\/uploads\/2020\/04\/KONFERENCJA-8.mp3?_=11\" \/><a href=\"http:\/\/www.zrobimyraban.pl\/wp-content\/uploads\/2020\/04\/KONFERENCJA-8.mp3\">http:\/\/www.zrobimyraban.pl\/wp-content\/uploads\/2020\/04\/KONFERENCJA-8.mp3<\/a><\/audio>\n<hr \/>\n<p>KONFERENCJA 9 &#8211; Ostatnie s\u0142owo:<\/p>\n<audio class=\"wp-audio-shortcode\" id=\"audio-477-12\" preload=\"none\" style=\"width: 100%;\" controls=\"controls\"><source type=\"audio\/mpeg\" src=\"http:\/\/www.zrobimyraban.pl\/wp-content\/uploads\/2020\/04\/KONFERENCJA-9.mp3?_=12\" \/><a href=\"http:\/\/www.zrobimyraban.pl\/wp-content\/uploads\/2020\/04\/KONFERENCJA-9.mp3\">http:\/\/www.zrobimyraban.pl\/wp-content\/uploads\/2020\/04\/KONFERENCJA-9.mp3<\/a><\/audio>\n<hr \/>\n<p>HOMILIA 4 &#8211; B\u0105d\u017acie sol\u0105 ziemi!:<\/p>\n<audio class=\"wp-audio-shortcode\" id=\"audio-477-13\" preload=\"none\" style=\"width: 100%;\" controls=\"controls\"><source type=\"audio\/mpeg\" src=\"http:\/\/www.zrobimyraban.pl\/wp-content\/uploads\/2020\/04\/HOMILIA-4-wspomnienie-Alfonsa-M.-Liguoriego.mp3?_=13\" \/><a href=\"http:\/\/www.zrobimyraban.pl\/wp-content\/uploads\/2020\/04\/HOMILIA-4-wspomnienie-Alfonsa-M.-Liguoriego.mp3\">http:\/\/www.zrobimyraban.pl\/wp-content\/uploads\/2020\/04\/HOMILIA-4-wspomnienie-Alfonsa-M.-Liguoriego.mp3<\/a><\/audio>\n<hr \/>\n<p style=\"text-align: center;\"><span style=\"color: #ff0000;\"><strong>A D W E N T<\/strong><\/span><\/p>\n<p style=\"text-align: center;\"><span style=\"color: #ff0000;\"><strong>Z O. WENANTYM KATARZY\u0143CEM:<\/strong><\/span><\/p>\n<p><img loading=\"lazy\" class=\"size-medium wp-image-483 aligncenter\" src=\"http:\/\/www.zrobimyraban.pl\/wp-content\/uploads\/2019\/11\/IMG_8810-300x225.jpg\" alt=\"\" width=\"300\" height=\"225\" srcset=\"http:\/\/www.zrobimyraban.pl\/wp-content\/uploads\/2019\/11\/IMG_8810-300x225.jpg 300w, http:\/\/www.zrobimyraban.pl\/wp-content\/uploads\/2019\/11\/IMG_8810-768x576.jpg 768w, http:\/\/www.zrobimyraban.pl\/wp-content\/uploads\/2019\/11\/IMG_8810-1024x768.jpg 1024w, http:\/\/www.zrobimyraban.pl\/wp-content\/uploads\/2019\/11\/IMG_8810-400x300.jpg 400w\" sizes=\"(max-width: 300px) 100vw, 300px\" \/><\/p>\n<p style=\"text-align: center;\">NAUKA 1 &#8211; Kim jestem i dok\u0105d zmierzam:<\/p>\n<audio class=\"wp-audio-shortcode\" id=\"audio-477-14\" preload=\"none\" style=\"width: 100%;\" controls=\"controls\"><source type=\"audio\/mpeg\" src=\"http:\/\/www.zrobimyraban.pl\/wp-content\/uploads\/2019\/11\/Rekolokcje-z-Wenantym-1.mp3?_=14\" \/><a href=\"http:\/\/www.zrobimyraban.pl\/wp-content\/uploads\/2019\/11\/Rekolokcje-z-Wenantym-1.mp3\">http:\/\/www.zrobimyraban.pl\/wp-content\/uploads\/2019\/11\/Rekolokcje-z-Wenantym-1.mp3<\/a><\/audio>\n<hr \/>\n<p style=\"text-align: center;\">NAUKA 2 &#8211; B\u0142ogos\u0142awie\u0144stwo:<\/p>\n<audio class=\"wp-audio-shortcode\" id=\"audio-477-15\" preload=\"none\" style=\"width: 100%;\" controls=\"controls\"><source type=\"audio\/mpeg\" src=\"http:\/\/www.zrobimyraban.pl\/wp-content\/uploads\/2019\/11\/Rekolekcje-z-Wenantym-2.mp3?_=15\" \/><a href=\"http:\/\/www.zrobimyraban.pl\/wp-content\/uploads\/2019\/11\/Rekolekcje-z-Wenantym-2.mp3\">http:\/\/www.zrobimyraban.pl\/wp-content\/uploads\/2019\/11\/Rekolekcje-z-Wenantym-2.mp3<\/a><\/audio>\n","protected":false},"excerpt":{"rendered":"<p>REKOLEKCJE &#8211; SIEDLAN\u00d3W 2019: &#8222;Droga \u015bw. Paw\u0142a &#8211; drog\u0105 rozeznawania&#8221; HOMILIA 1 &#8211; Widzie\u0107, oceni\u0107, dzia\u0142a\u0107: KONFERENCJA 1 &#8211; W drodze do Damaszku: KONFERENCJA 2 &#8211; Poznanie Jezusa: KONFERENCJA 3&hellip;<\/p>\n<div class=\"read-more\"><a href=\"http:\/\/www.zrobimyraban.pl\/?page_id=477\" class=\"read-more-link\">See More<\/a><\/div>\n","protected":false},"author":1,"featured_media":0,"parent":0,"menu_order":0,"comment_status":"closed","ping_status":"closed","template":"","meta":[],"_links":{"self":[{"href":"http:\/\/www.zrobimyraban.pl\/index.php?rest_route=\/wp\/v2\/pages\/477"}],"collection":[{"href":"http:\/\/www.zrobimyraban.pl\/index.php?rest_route=\/wp\/v2\/pages"}],"about":[{"href":"http:\/\/www.zrobimyraban.pl\/index.php?rest_route=\/wp\/v2\/types\/page"}],"author":[{"embeddable":true,"href":"http:\/\/www.zrobimyraban.pl\/index.php?rest_route=\/wp\/v2\/users\/1"}],"replies":[{"embeddable":true,"href":"http:\/\/www.zrobimyraban.pl\/index.php?rest_route=%2Fwp%2Fv2%2Fcomments&post=477"}],"version-history":[{"count":27,"href":"http:\/\/www.zrobimyraban.pl\/index.php?rest_route=\/wp\/v2\/pages\/477\/revisions"}],"predecessor-version":[{"id":625,"href":"http:\/\/www.zrobimyraban.pl\/index.php?rest_route=\/wp\/v2\/pages\/477\/revisions\/625"}],"wp:attachment":[{"href":"http:\/\/www.zrobimyraban.pl\/index.php?rest_route=%2Fwp%2Fv2%2Fmedia&parent=477"}],"curies":[{"name":"wp","href":"https:\/\/api.w.org\/{rel}","templated":true}]}}