{"id":85,"date":"2018-02-13T21:55:06","date_gmt":"2018-02-13T20:55:06","guid":{"rendered":"http:\/\/www.zrobimyraban.pl\/?page_id=85"},"modified":"2019-11-24T01:46:28","modified_gmt":"2019-11-24T00:46:28","slug":"konferencje","status":"publish","type":"page","link":"http:\/\/www.zrobimyraban.pl\/?page_id=85","title":{"rendered":"Konferencje"},"content":{"rendered":"\n<div class=\"wp-block-image\"><figure class=\"aligncenter is-resized\"><img loading=\"lazy\" src=\"http:\/\/www.zrobimyraban.pl\/wp-content\/uploads\/2019\/11\/IMG_9040-1024x729.jpg\" alt=\"\" class=\"wp-image-537\" width=\"302\" height=\"215\" srcset=\"http:\/\/www.zrobimyraban.pl\/wp-content\/uploads\/2019\/11\/IMG_9040-1024x729.jpg 1024w, http:\/\/www.zrobimyraban.pl\/wp-content\/uploads\/2019\/11\/IMG_9040-300x214.jpg 300w, http:\/\/www.zrobimyraban.pl\/wp-content\/uploads\/2019\/11\/IMG_9040-768x547.jpg 768w, http:\/\/www.zrobimyraban.pl\/wp-content\/uploads\/2019\/11\/IMG_9040-400x285.jpg 400w, http:\/\/www.zrobimyraban.pl\/wp-content\/uploads\/2019\/11\/IMG_9040.jpg 1458w\" sizes=\"(max-width: 302px) 100vw, 302px\" \/><\/figure><\/div>\n\n\n\n<p>DOBRY WIECZ\u00d3R z Wenantym Katarzy\u0144cem &#8211; konferencja:<\/p>\n\n\n\n<figure class=\"wp-block-audio\"><audio controls src=\"http:\/\/www.zrobimyraban.pl\/wp-content\/uploads\/2019\/11\/DOBRY-WIECZ\u00d3R-konferencja.mp3\"><\/audio><\/figure>\n\n\n<hr \/>\n<p><img loading=\"lazy\" class=\"size-medium wp-image-391 aligncenter\" src=\"http:\/\/www.zrobimyraban.pl\/wp-content\/uploads\/2019\/05\/IMG_6327-300x225.jpg\" alt=\"\" width=\"300\" height=\"225\" srcset=\"http:\/\/www.zrobimyraban.pl\/wp-content\/uploads\/2019\/05\/IMG_6327-300x225.jpg 300w, http:\/\/www.zrobimyraban.pl\/wp-content\/uploads\/2019\/05\/IMG_6327-768x576.jpg 768w, http:\/\/www.zrobimyraban.pl\/wp-content\/uploads\/2019\/05\/IMG_6327-1024x768.jpg 1024w, http:\/\/www.zrobimyraban.pl\/wp-content\/uploads\/2019\/05\/IMG_6327-400x300.jpg 400w\" sizes=\"(max-width: 300px) 100vw, 300px\" \/><\/p>\n<p><span style=\"color: #800080;\">MROCZNE KARTY BIBLII &#8211; konferencja:<\/span><\/p>\n<!--[if lt IE 9]><script>document.createElement('audio');<\/script><![endif]-->\n<audio class=\"wp-audio-shortcode\" id=\"audio-85-1\" preload=\"none\" style=\"width: 100%;\" controls=\"controls\"><source type=\"audio\/mpeg\" src=\"http:\/\/www.zrobimyraban.pl\/wp-content\/uploads\/2019\/05\/MROCZNE-KARTY-BIBLII.mp3?_=1\" \/><a href=\"http:\/\/www.zrobimyraban.pl\/wp-content\/uploads\/2019\/05\/MROCZNE-KARTY-BIBLII.mp3\">http:\/\/www.zrobimyraban.pl\/wp-content\/uploads\/2019\/05\/MROCZNE-KARTY-BIBLII.mp3<\/a><\/audio>\n<hr \/>\n<p><img loading=\"lazy\" class=\"size-medium wp-image-318 aligncenter\" src=\"http:\/\/www.zrobimyraban.pl\/wp-content\/uploads\/2019\/01\/45619155_1894164607299108_7789406044404318208_n-300x199.jpg\" alt=\"\" width=\"300\" height=\"199\" srcset=\"http:\/\/www.zrobimyraban.pl\/wp-content\/uploads\/2019\/01\/45619155_1894164607299108_7789406044404318208_n-300x199.jpg 300w, http:\/\/www.zrobimyraban.pl\/wp-content\/uploads\/2019\/01\/45619155_1894164607299108_7789406044404318208_n-768x510.jpg 768w, http:\/\/www.zrobimyraban.pl\/wp-content\/uploads\/2019\/01\/45619155_1894164607299108_7789406044404318208_n-400x265.jpg 400w, http:\/\/www.zrobimyraban.pl\/wp-content\/uploads\/2019\/01\/45619155_1894164607299108_7789406044404318208_n.jpg 960w\" sizes=\"(max-width: 300px) 100vw, 300px\" \/><\/p>\n<p><span style=\"color: #ff0000;\">TO\u017bSAMO\u015a\u0106 &#8211; konferencja NCM:<\/span><\/p>\n<audio class=\"wp-audio-shortcode\" id=\"audio-85-2\" preload=\"none\" style=\"width: 100%;\" controls=\"controls\"><source type=\"audio\/mpeg\" src=\"http:\/\/www.zrobimyraban.pl\/wp-content\/uploads\/2019\/01\/To\u017csamo\u015b\u0107-NCM-Kode\u0144-09-11-2018.mp3?_=2\" \/><a href=\"http:\/\/www.zrobimyraban.pl\/wp-content\/uploads\/2019\/01\/To\u017csamo\u015b\u0107-NCM-Kode\u0144-09-11-2018.mp3\">http:\/\/www.zrobimyraban.pl\/wp-content\/uploads\/2019\/01\/To\u017csamo\u015b\u0107-NCM-Kode\u0144-09-11-2018.mp3<\/a><\/audio>\n<hr \/>\n<p>WALKA &#8211; konferencja SOR 6:<\/p>\n<audio class=\"wp-audio-shortcode\" id=\"audio-85-3\" preload=\"none\" style=\"width: 100%;\" controls=\"controls\"><source type=\"audio\/mpeg\" src=\"http:\/\/www.zrobimyraban.pl\/wp-content\/uploads\/2018\/03\/Adwentowy-SOR-WALKA-konferencja-6-xPB.mp3?_=3\" \/><a href=\"http:\/\/www.zrobimyraban.pl\/wp-content\/uploads\/2018\/03\/Adwentowy-SOR-WALKA-konferencja-6-xPB.mp3\">http:\/\/www.zrobimyraban.pl\/wp-content\/uploads\/2018\/03\/Adwentowy-SOR-WALKA-konferencja-6-xPB.mp3<\/a><\/audio>\n<hr \/>\n<p>WSP\u00d3LNOTA &#8211; konferencja SOR 5:<\/p>\n<audio class=\"wp-audio-shortcode\" id=\"audio-85-4\" preload=\"none\" style=\"width: 100%;\" controls=\"controls\"><source type=\"audio\/mpeg\" src=\"http:\/\/www.zrobimyraban.pl\/wp-content\/uploads\/2018\/03\/Adwentowy-SOR-WSP\u00d3LNOTA-konferencja-5-xPB.mp3?_=4\" \/><a href=\"http:\/\/www.zrobimyraban.pl\/wp-content\/uploads\/2018\/03\/Adwentowy-SOR-WSP\u00d3LNOTA-konferencja-5-xPB.mp3\">http:\/\/www.zrobimyraban.pl\/wp-content\/uploads\/2018\/03\/Adwentowy-SOR-WSP\u00d3LNOTA-konferencja-5-xPB.mp3<\/a><\/audio>\n<hr \/>\n<p>WIARA &#8211; konferencja SOR 4:<\/p>\n<audio class=\"wp-audio-shortcode\" id=\"audio-85-5\" preload=\"none\" style=\"width: 100%;\" controls=\"controls\"><source type=\"audio\/mpeg\" src=\"http:\/\/www.zrobimyraban.pl\/wp-content\/uploads\/2018\/03\/Adwentowy-SOR-WIARA-konferencja-4-xPB.mp3?_=5\" \/><a href=\"http:\/\/www.zrobimyraban.pl\/wp-content\/uploads\/2018\/03\/Adwentowy-SOR-WIARA-konferencja-4-xPB.mp3\">http:\/\/www.zrobimyraban.pl\/wp-content\/uploads\/2018\/03\/Adwentowy-SOR-WIARA-konferencja-4-xPB.mp3<\/a><\/audio>\n<hr \/>\n<p>ZBAWIENIE &#8211; konferencja SOR 3:<\/p>\n<audio class=\"wp-audio-shortcode\" id=\"audio-85-6\" preload=\"none\" style=\"width: 100%;\" controls=\"controls\"><source type=\"audio\/mpeg\" src=\"http:\/\/www.zrobimyraban.pl\/wp-content\/uploads\/2018\/03\/Adwentowy-SOR-ZBAWIENIE-konferencja-3-xPB.mp3?_=6\" \/><a href=\"http:\/\/www.zrobimyraban.pl\/wp-content\/uploads\/2018\/03\/Adwentowy-SOR-ZBAWIENIE-konferencja-3-xPB.mp3\">http:\/\/www.zrobimyraban.pl\/wp-content\/uploads\/2018\/03\/Adwentowy-SOR-ZBAWIENIE-konferencja-3-xPB.mp3<\/a><\/audio>\n<hr \/>\n<p>GRZECH &#8211; konferencja SOR 2:<\/p>\n<audio class=\"wp-audio-shortcode\" id=\"audio-85-7\" preload=\"none\" style=\"width: 100%;\" controls=\"controls\"><source type=\"audio\/mpeg\" src=\"http:\/\/www.zrobimyraban.pl\/wp-content\/uploads\/2018\/03\/Adwentowy-SOR-GRZECH-konferencja-2-xPB.mp3?_=7\" \/><a href=\"http:\/\/www.zrobimyraban.pl\/wp-content\/uploads\/2018\/03\/Adwentowy-SOR-GRZECH-konferencja-2-xPB.mp3\">http:\/\/www.zrobimyraban.pl\/wp-content\/uploads\/2018\/03\/Adwentowy-SOR-GRZECH-konferencja-2-xPB.mp3<\/a><\/audio>\n<hr \/>\n<p>MI\u0141O\u015a\u0106 BO\u017bA &#8211; konferencja SOR 1:<\/p>\n<audio class=\"wp-audio-shortcode\" id=\"audio-85-8\" preload=\"none\" style=\"width: 100%;\" controls=\"controls\"><source type=\"audio\/mpeg\" src=\"http:\/\/www.zrobimyraban.pl\/wp-content\/uploads\/2018\/03\/Adwentowy-SOR-MI\u0141O\u015a\u0106-BO\u017bA-konferencja-1-xPB-1.mp3?_=8\" \/><a href=\"http:\/\/www.zrobimyraban.pl\/wp-content\/uploads\/2018\/03\/Adwentowy-SOR-MI\u0141O\u015a\u0106-BO\u017bA-konferencja-1-xPB-1.mp3\">http:\/\/www.zrobimyraban.pl\/wp-content\/uploads\/2018\/03\/Adwentowy-SOR-MI\u0141O\u015a\u0106-BO\u017bA-konferencja-1-xPB-1.mp3<\/a><\/audio>\n<hr \/>\n<p><span style=\"color: #0000ff;\">\u015aWI\u0118TO\u015a\u0106 &#8211; konferencja podczas Nocy \u015awi\u0119tych 2017:<\/span><\/p>\n<audio class=\"wp-audio-shortcode\" id=\"audio-85-9\" preload=\"none\" style=\"width: 100%;\" controls=\"controls\"><source type=\"audio\/mpeg\" src=\"http:\/\/www.zrobimyraban.pl\/wp-content\/uploads\/2018\/03\/A1-\u015aWI\u0118TO\u015a\u0106-konferencja-podczas-NOCY-\u015aWI\u0118TYCH-ks.-Pawe\u0142-Bro\u0144ski.mp3?_=9\" \/><a href=\"http:\/\/www.zrobimyraban.pl\/wp-content\/uploads\/2018\/03\/A1-\u015aWI\u0118TO\u015a\u0106-konferencja-podczas-NOCY-\u015aWI\u0118TYCH-ks.-Pawe\u0142-Bro\u0144ski.mp3\">http:\/\/www.zrobimyraban.pl\/wp-content\/uploads\/2018\/03\/A1-\u015aWI\u0118TO\u015a\u0106-konferencja-podczas-NOCY-\u015aWI\u0118TYCH-ks.-Pawe\u0142-Bro\u0144ski.mp3<\/a><\/audio>\n<hr \/>\n<p>\u00a0<\/p>","protected":false},"excerpt":{"rendered":"<p>DOBRY WIECZ\u00d3R z Wenantym Katarzy\u0144cem &#8211; konferencja: MROCZNE KARTY BIBLII &#8211; konferencja: TO\u017bSAMO\u015a\u0106 &#8211; konferencja NCM: WALKA &#8211; konferencja SOR 6: WSP\u00d3LNOTA &#8211; konferencja SOR 5: WIARA &#8211; konferencja SOR&hellip;<\/p>\n<div class=\"read-more\"><a href=\"http:\/\/www.zrobimyraban.pl\/?page_id=85\" class=\"read-more-link\">See More<\/a><\/div>\n","protected":false},"author":1,"featured_media":0,"parent":0,"menu_order":0,"comment_status":"closed","ping_status":"closed","template":"","meta":[],"_links":{"self":[{"href":"http:\/\/www.zrobimyraban.pl\/index.php?rest_route=\/wp\/v2\/pages\/85"}],"collection":[{"href":"http:\/\/www.zrobimyraban.pl\/index.php?rest_route=\/wp\/v2\/pages"}],"about":[{"href":"http:\/\/www.zrobimyraban.pl\/index.php?rest_route=\/wp\/v2\/types\/page"}],"author":[{"embeddable":true,"href":"http:\/\/www.zrobimyraban.pl\/index.php?rest_route=\/wp\/v2\/users\/1"}],"replies":[{"embeddable":true,"href":"http:\/\/www.zrobimyraban.pl\/index.php?rest_route=%2Fwp%2Fv2%2Fcomments&post=85"}],"version-history":[{"count":15,"href":"http:\/\/www.zrobimyraban.pl\/index.php?rest_route=\/wp\/v2\/pages\/85\/revisions"}],"predecessor-version":[{"id":540,"href":"http:\/\/www.zrobimyraban.pl\/index.php?rest_route=\/wp\/v2\/pages\/85\/revisions\/540"}],"wp:attachment":[{"href":"http:\/\/www.zrobimyraban.pl\/index.php?rest_route=%2Fwp%2Fv2%2Fmedia&parent=85"}],"curies":[{"name":"wp","href":"https:\/\/api.w.org\/{rel}","templated":true}]}}